{"id":10008,"date":"2018-10-01T15:30:29","date_gmt":"2018-10-01T12:30:29","guid":{"rendered":"http:\/\/jobs.sorinchirita.ro\/app\/?page_id=10008"},"modified":"2019-07-28T13:51:30","modified_gmt":"2019-07-28T10:51:30","slug":"cursuri-gratuite-de-formare","status":"publish","type":"page","link":"https:\/\/info-jobs.ro\/?page_id=10008","title":{"rendered":"Cursuri competen\u021be antrepenoriale"},"content":{"rendered":"<h3 style=\"text-align: center;\"><strong>Curricula cursului de COMPETEN\u021aE ANTREPRENORIALE ce se va desf\u0103\u0219ura \u00een cadrul proiectului START UP pentru Regiunea Sud Est:<\/strong><\/h3>\n<ol style=\"text-align: justify;\">\n<li>Introducere \u00een antreprenoriat<\/li>\n<li>Ini\u021bierea \u00een afaceri<\/li>\n<li>Organizarea activit\u0103\u021bii<\/li>\n<li>Strategia de marketing<\/li>\n<li>Negocierea contractelor<\/li>\n<li>Politica de promovare<\/li>\n<li>Finan\u021barea unei afaceri<\/li>\n<li>Dezvoltarea produselor\/seviciilor afacerii<\/li>\n<li>Managementul personalului<\/li>\n<li>Eviden\u021ba contabil\u0103<\/li>\n<li>Sistemul de eviden\u021ba financiar\u0103<\/li>\n<li>Strategiile de dezvoltare \u0219i riscurile afacerii<\/li>\n<li>Logistica necesar\u0103 derul\u0103rii afacerii<\/li>\n<li>Planul de afaceri<\/li>\n<\/ol>\n<h4 style=\"text-align: justify;\"><strong>Documente necesare pentru participarea la cursul de formare profesional\u0103 COMPETEN\u021aE ANTREPRENORIALE:<\/strong><\/h4>\n<ul style=\"text-align: justify;\">\n<li>Carte de identitate<\/li>\n<li>Certificat de na\u0219tere<\/li>\n<li>Certificat de c\u0103s\u0103torie (dac\u0103 este cazul, la schimbarea numelui)<\/li>\n<li>Diplom\u0103 studii\/Adeverin\u021b\u0103 studii\/Foaie matricol\u0103 (minim 10 clase absolvite)<\/li>\n<li><span lang=\"RO\">Adeverin\u021b\u0103 medical\u0103 (apt pentru a participa la cursurile de formare profesional\u0103)<\/span><\/li>\n<\/ul>\n<p style=\"text-align: justify;\">Cursul se finalizeaz\u0103 cu un examen de absolvire ce va consta \u00een dou\u0103 probe: cea teoretic\u0103 (scris\u0103) \u015fi cea practic\u0103 (oral\u0103).<\/p>\n<p style=\"text-align: justify;\">Absolven\u0163ii cursurilor primesc Certificate de Absolvire \u00eenso\u0163ite de Suplimente Descriptive cu competen\u0163ele profesionale dob\u00e2ndite, eliberate de Ministerul Muncii \u0219i Justi\u021biei Sociale \u015fi Ministerul Educa\u021biei Na\u021bionale sub antetul Autorit\u0103\u021bii Na\u021bionale de Calific\u0103ri, cu recunoa\u0219tere la nivel na\u021bional \u0219i interna\u021bional.<\/p>\n<p><img loading=\"lazy\" decoding=\"async\" class=\"size-full wp-image-10133 aligncenter\" src=\"http:\/\/info-jobs.ro\/app\/wp-content\/uploads\/2018\/02\/curs_acreditat.jpg\" alt=\"\" width=\"150\" height=\"150\" \/><\/p>\n<hr \/>\n<p style=\"text-align: center;\">Programe de formare profesional\u0103 demarate \u00een cadrul proiectului <strong><em>\u201cSTART UP pentru Regiunea Sud-Est\u201d<\/em><\/strong>:<\/p>\n<ul>\n<li style=\"text-align: justify;\">Competen\u021be antreprenoriale <strong>grupa 1<\/strong> \u00een jude\u021bul <strong>Constan\u021ba<\/strong> &#8211; perioada de desf\u0103\u0219urare <strong>22.05.2018-15.06.2018<\/strong><\/li>\n<li style=\"text-align: justify;\">Competen\u021be antreprenoriale <strong>grupa 2<\/strong> \u00een jude\u021bul <strong>Constan\u021ba<\/strong> &#8211; perioada de desf\u0103\u0219urare <strong>18.06.2018-11.07.2018<\/strong><\/li>\n<li style=\"text-align: justify;\"><span lang=\"EN-US\">Competen\u021be antreprenoriale <strong>grupa 3<\/strong> \u00een jude\u021bul <b>Constan\u021ba<\/b> &#8211; perioada de desf\u0103\u0219urare <b>11.07.2018-02.08.2018<\/b><\/span><\/li>\n<li style=\"text-align: justify;\">Competen\u021be antreprenoriale <strong>grupa 4<\/strong> \u00een jude\u021bul <strong>Constan\u021ba<\/strong> &#8211; perioada de desf\u0103\u0219urare <strong>17.07.2018-08.08.2018<\/strong><\/li>\n<li style=\"text-align: justify;\">Competen\u021be antreprenoriale <strong>grupa 5<\/strong> \u00een jude\u021bul <strong>Constan\u021ba<\/strong> &#8211; perioada de desf\u0103\u0219urare <strong>20.08.2018-13.09.2018<\/strong><\/li>\n<li style=\"text-align: justify;\">Competen\u021be antreprenoriale <strong>grupa 6<\/strong> \u00een jude\u021bul <strong>Constan\u021ba<\/strong> \u2013 perioada de desf\u0103\u0219urare <strong>29.08.2018-<\/strong><strong>14.09.2018<\/strong><\/li>\n<li style=\"text-align: justify;\">Competen\u021be antreprenoriale <strong>grupa 7<\/strong> \u00een jude\u021bul <strong>Constan\u021ba<\/strong> \u2013 perioada de desf\u0103\u0219urare <strong>01.10.2018-31.10.2018<\/strong><\/li>\n<li style=\"text-align: justify;\">Competen\u021be antreprenoriale <strong>grupa 8<\/strong> \u00een jude\u021bul <strong>Constan\u021ba<\/strong> \u2013 perioada de desf\u0103\u0219urare <strong>04.10.2018-29.10.2018<\/strong><\/li>\n<\/ul>\n<hr \/>\n<ul>\n<li style=\"text-align: justify;\"><span lang=\"RO\">Competen\u021be antreprenoriale <strong>grupa 1<\/strong> \u00een jude\u021bul <b>Tulcea<\/b> &#8211; perioada de desf\u0103\u0219urare <b>31.07.2018-28.08.2018<\/b><\/span><\/li>\n<li style=\"text-align: justify;\"><span lang=\"RO\">Competen\u021be antreprenoriale <b>grupa 2<\/b> \u00een jude\u021bul <b>Tulcea<\/b> \u2013 perioada de desf\u0103\u0219urare <b>12.09.2018-28.09.2018<\/b><\/span><\/li>\n<li style=\"text-align: justify;\"><span lang=\"RO\">Competen\u021be antreprenoriale <b>grupa 3<\/b> \u00een jude\u021bul <b>Tulcea<\/b> \u2013 perioada de desf\u0103\u0219urare <b>15.10.2018-06.11.2018<\/b><\/span><\/li>\n<\/ul>\n<hr \/>\n<ul>\n<li style=\"text-align: justify;\">Competen\u021be antreprenoriale <strong>grupa 1<\/strong> \u00een jude\u021bul <strong>Gala\u021bi <\/strong>&#8211; perioada de desf\u0103\u0219urare <strong>02.05.2018-29.05.2018<\/strong><\/li>\n<li style=\"text-align: justify;\">Competen\u021be antreprenoriale <strong>grupa 2<\/strong> \u00een jude\u021bul <strong>Gala\u021bi <\/strong>&#8211; perioada de desf\u0103\u0219urare <strong>02.05.2018-29.05.2018<\/strong><\/li>\n<li style=\"text-align: justify;\">Competen\u021be antreprenoriale <strong>grupa 3<\/strong> \u00een jude\u021bul <strong>Gala\u021bi<\/strong> &#8211; perioada de desf\u0103\u0219urare <strong>04.06.2018-26.06.2018<\/strong><\/li>\n<li style=\"text-align: justify;\">Competen\u021be antreprenoriale <strong>grupa 4<\/strong> \u00een jude\u021bul <strong>Gala\u021bi<\/strong> &#8211; perioada de desf\u0103\u0219urare <strong>28.06.2018-27.07.2018<\/strong><\/li>\n<li style=\"text-align: justify;\"><span lang=\"RO\">Competen\u021be antreprenoriale <strong>grupa 5<\/strong> \u00een jude\u021bul <\/span><strong><span lang=\"RO\"><b>Gala\u021bi <\/b><\/span><\/strong><span lang=\"RO\">\u2013 <\/span><span lang=\"RO\">perioada de desf\u0103\u0219urare <\/span><strong><span lang=\"RO\"><b>23.08.2018-02.09.2018<\/b><\/span><br \/>\n<\/strong><\/li>\n<li style=\"text-align: justify;\">Competen\u021be antreprenoriale <strong>grupa 6<\/strong> \u00een jude\u021bul <strong>Gala\u021bi <\/strong>\u2013 perioada de desf\u0103\u0219urare <strong>11.09.2018-28.09.2018<\/strong><\/li>\n<li style=\"text-align: justify;\">Competen\u021be antreprenoriale <strong>grupa 7<\/strong> \u00een jude\u021bul <strong>Gala\u021bi<\/strong> \u2013 perioada de desf\u0103\u0219urare <strong>01.10.2018-23.10.2018<\/strong><\/li>\n<li style=\"text-align: justify;\">Competen\u021be antreprenoriale <strong>grupa 8 <\/strong>\u00een jude\u021bul <strong>Gala\u021bi<\/strong> \u2013 perioada de desf\u0103\u0219urare <strong>25.10.2018-14.11.2018<\/strong><\/li>\n<\/ul>\n<hr \/>\n<ul>\n<li style=\"text-align: justify;\">Competen\u021be antreprenoriale <strong>grupa 1<\/strong> \u00een jude\u021bul <strong>Buz\u0103u <\/strong>&#8211; perioada de desf\u0103\u0219urare <strong>27.03.2018-27.04.2018<\/strong><\/li>\n<li style=\"text-align: justify;\">Competen\u021be antreprenoriale <strong>grupa 2<\/strong> \u00een jude\u021bul <strong>Buz\u0103u<\/strong> &#8211; perioada de desf\u0103\u0219urare <strong>27.03.2018-27.04.2018<\/strong><\/li>\n<li style=\"text-align: justify;\">Competen\u021be antreprenoriale <strong>grupa 3<\/strong> \u00een jude\u021bul <strong>Buz\u0103u <\/strong>&#8211; perioada de desf\u0103\u0219urare <strong>10.05.2018-21.06.2018<\/strong><\/li>\n<li style=\"text-align: justify;\">Competen\u021be antreprenoriale <strong>grupa 4<\/strong> \u00een jude\u021bul <strong>Buz\u0103u <\/strong>&#8211; perioada de desf\u0103\u0219urare <strong>18.05.2018-30.06.2018<\/strong><\/li>\n<li style=\"text-align: justify;\">Competen\u021be antreprenoriale <strong>grupa 5<\/strong> \u00een jude\u021bul <strong>Buz\u0103u<\/strong> &#8211; perioada de desf\u0103\u0219urare <strong>28.06.2018-03.08.2018<\/strong><\/li>\n<li style=\"text-align: justify;\">Competen\u021be antreprenoriale <strong>grupa 6<\/strong> \u00een jude\u021bul <strong>Buz\u0103u<\/strong> &#8211; perioada de desf\u0103\u0219urare <strong><strong>05.07.2018-10.08.2018<\/strong><\/strong><\/li>\n<li style=\"text-align: justify;\">Competen\u021be antreprenoriale <strong>grupa 7<\/strong> \u00een jude\u021bul <strong>Buz\u0103u<\/strong> \u2013 perioada de desf\u0103\u0219urare <strong>21.08.2018-21.09.2018<\/strong><\/li>\n<li style=\"text-align: justify;\">Competen\u021be antreprenoriale <strong>grupa 8<\/strong> \u00een jude\u021bul <strong>Buz\u0103u<\/strong> \u2013 perioada de desf\u0103\u0219urare <strong>27.08.2018-21.09.2018<\/strong><\/li>\n<\/ul>\n<hr \/>\n<ul>\n<li style=\"text-align: justify;\">Competen\u021be antreprenoriale <strong>grupa 1<\/strong> \u00een jude\u021bul <strong>Br\u0103ila <\/strong>&#8211; perioada de desf\u0103\u0219urare <strong>16.04.2018-11.06.2018<\/strong><\/li>\n<li style=\"text-align: justify;\">Competen\u021be antreprenoriale <strong>grupa 2<\/strong> \u00een jude\u021bul <strong>Br\u0103ila<\/strong> &#8211; perioada de desf\u0103\u0219urare <strong>21.06.2018-13.08.2018<\/strong><\/li>\n<li style=\"text-align: justify;\"><span lang=\"RO\">Competen\u021be antreprenoriale <strong>grupa 3<\/strong> \u00een jude\u021bul <\/span><strong><span lang=\"RO\"><b>Br\u0103ila<\/b> \u2013 <\/span><\/strong><span lang=\"RO\">perioada de desf\u0103\u0219urare <\/span><strong><span lang=\"RO\"><b>23.08.2018-11.10.2018<\/b><\/span><br \/>\n<\/strong><\/li>\n<\/ul>\n<hr \/>\n<ul>\n<li style=\"text-align: justify;\">Competen\u021be antreprenoriale <strong>grupa 1<\/strong> \u00een jude\u021bul <strong>Vrancea<\/strong> &#8211; perioada de desf\u0103\u0219urare <strong>10.05.2018-07.07.2018<\/strong><\/li>\n<li style=\"text-align: justify;\"><span lang=\"IT\">Competen\u021be antreprenoriale <strong>grupa 2<\/strong> \u00een jude\u021bul <b>Vrancea<\/b> \u2013 perioada de desf\u0103\u0219urare <b>13.07.2018-01.09.2018<\/b><\/span><\/li>\n<li style=\"text-align: justify;\"><span lang=\"RO\">Competen\u021be antreprenoriale <b>grupa 3<\/b> \u00een jude\u021bul <b>Vrancea<\/b> \u2013 perioada de desf\u0103\u0219urare <b>14.09.2018-27.10.2018<\/b><\/span><\/li>\n<\/ul>\n","protected":false},"excerpt":{"rendered":"<p>Curricula cursului de COMPETEN\u021aE ANTREPRENORIALE ce se va desf\u0103\u0219ura \u00een cadrul proiectului START UP pentru Regiunea Sud Est: Introducere \u00een antreprenoriat Ini\u021bierea \u00een afaceri Organizarea activit\u0103\u021bii Strategia de marketing Negocierea contractelor Politica de promovare Finan\u021barea unei afaceri Dezvoltarea produselor\/seviciilor afacerii Managementul personalului Eviden\u021ba contabil\u0103 Sistemul de eviden\u021ba financiar\u0103 Strategiile de dezvoltare \u0219i riscurile afacerii Logistica [&hellip;]<\/p>\n","protected":false},"author":2,"featured_media":0,"parent":0,"menu_order":0,"comment_status":"closed","ping_status":"closed","template":"","meta":{"footnotes":""},"class_list":["post-10008","page","type-page","status-publish","hentry"],"yoast_head":"<!-- This site is optimized with the Yoast SEO plugin v26.9 - https:\/\/yoast.com\/product\/yoast-seo-wordpress\/ -->\n<title>Cursuri competen\u021be antrepenoriale - Info-Jobs.ro<\/title>\n<meta name=\"robots\" content=\"index, follow, max-snippet:-1, max-image-preview:large, max-video-preview:-1\" \/>\n<link rel=\"canonical\" href=\"https:\/\/info-jobs.ro\/?page_id=10008\" \/>\n<meta property=\"og:locale\" content=\"ro_RO\" \/>\n<meta property=\"og:type\" content=\"article\" \/>\n<meta property=\"og:title\" content=\"Cursuri competen\u021be antrepenoriale - Info-Jobs.ro\" \/>\n<meta property=\"og:description\" content=\"Curricula cursului de COMPETEN\u021aE ANTREPRENORIALE ce se va desf\u0103\u0219ura \u00een cadrul proiectului START UP pentru Regiunea Sud Est: Introducere \u00een antreprenoriat Ini\u021bierea \u00een afaceri Organizarea activit\u0103\u021bii Strategia de marketing Negocierea contractelor Politica de promovare Finan\u021barea unei afaceri Dezvoltarea produselor\/seviciilor afacerii Managementul personalului Eviden\u021ba contabil\u0103 Sistemul de eviden\u021ba financiar\u0103 Strategiile de dezvoltare \u0219i riscurile afacerii Logistica [&hellip;]\" \/>\n<meta property=\"og:url\" content=\"https:\/\/info-jobs.ro\/?page_id=10008\" \/>\n<meta property=\"og:site_name\" content=\"Info-Jobs.ro\" \/>\n<meta property=\"article:modified_time\" content=\"2019-07-28T10:51:30+00:00\" \/>\n<meta property=\"og:image\" content=\"http:\/\/info-jobs.ro\/app\/wp-content\/uploads\/2018\/02\/curs_acreditat.jpg\" \/>\n<meta name=\"twitter:card\" content=\"summary_large_image\" \/>\n<meta name=\"twitter:label1\" content=\"Timp estimat pentru citire\" \/>\n\t<meta name=\"twitter:data1\" content=\"3 minute\" \/>\n<script type=\"application\/ld+json\" class=\"yoast-schema-graph\">{\"@context\":\"https:\/\/schema.org\",\"@graph\":[{\"@type\":\"WebPage\",\"@id\":\"https:\/\/info-jobs.ro\/?page_id=10008\",\"url\":\"https:\/\/info-jobs.ro\/?page_id=10008\",\"name\":\"Cursuri competen\u021be antrepenoriale - Info-Jobs.ro\",\"isPartOf\":{\"@id\":\"https:\/\/info-jobs.ro\/#website\"},\"primaryImageOfPage\":{\"@id\":\"https:\/\/info-jobs.ro\/?page_id=10008#primaryimage\"},\"image\":{\"@id\":\"https:\/\/info-jobs.ro\/?page_id=10008#primaryimage\"},\"thumbnailUrl\":\"http:\/\/info-jobs.ro\/app\/wp-content\/uploads\/2018\/02\/curs_acreditat.jpg\",\"datePublished\":\"2018-10-01T12:30:29+00:00\",\"dateModified\":\"2019-07-28T10:51:30+00:00\",\"breadcrumb\":{\"@id\":\"https:\/\/info-jobs.ro\/?page_id=10008#breadcrumb\"},\"inLanguage\":\"ro-RO\",\"potentialAction\":[{\"@type\":\"ReadAction\",\"target\":[\"https:\/\/info-jobs.ro\/?page_id=10008\"]}]},{\"@type\":\"ImageObject\",\"inLanguage\":\"ro-RO\",\"@id\":\"https:\/\/info-jobs.ro\/?page_id=10008#primaryimage\",\"url\":\"http:\/\/info-jobs.ro\/app\/wp-content\/uploads\/2018\/02\/curs_acreditat.jpg\",\"contentUrl\":\"http:\/\/info-jobs.ro\/app\/wp-content\/uploads\/2018\/02\/curs_acreditat.jpg\"},{\"@type\":\"BreadcrumbList\",\"@id\":\"https:\/\/info-jobs.ro\/?page_id=10008#breadcrumb\",\"itemListElement\":[{\"@type\":\"ListItem\",\"position\":1,\"name\":\"Prima pagin\u0103\",\"item\":\"https:\/\/info-jobs.ro\/\"},{\"@type\":\"ListItem\",\"position\":2,\"name\":\"Cursuri competen\u021be antrepenoriale\"}]},{\"@type\":\"WebSite\",\"@id\":\"https:\/\/info-jobs.ro\/#website\",\"url\":\"https:\/\/info-jobs.ro\/\",\"name\":\"Info-Jobs.ro\",\"description\":\"Startup pentru Regiunea Sud-Est\",\"potentialAction\":[{\"@type\":\"SearchAction\",\"target\":{\"@type\":\"EntryPoint\",\"urlTemplate\":\"https:\/\/info-jobs.ro\/?s={search_term_string}\"},\"query-input\":{\"@type\":\"PropertyValueSpecification\",\"valueRequired\":true,\"valueName\":\"search_term_string\"}}],\"inLanguage\":\"ro-RO\"}]}<\/script>\n<!-- \/ Yoast SEO plugin. -->","yoast_head_json":{"title":"Cursuri competen\u021be antrepenoriale - Info-Jobs.ro","robots":{"index":"index","follow":"follow","max-snippet":"max-snippet:-1","max-image-preview":"max-image-preview:large","max-video-preview":"max-video-preview:-1"},"canonical":"https:\/\/info-jobs.ro\/?page_id=10008","og_locale":"ro_RO","og_type":"article","og_title":"Cursuri competen\u021be antrepenoriale - Info-Jobs.ro","og_description":"Curricula cursului de COMPETEN\u021aE ANTREPRENORIALE ce se va desf\u0103\u0219ura \u00een cadrul proiectului START UP pentru Regiunea Sud Est: Introducere \u00een antreprenoriat Ini\u021bierea \u00een afaceri Organizarea activit\u0103\u021bii Strategia de marketing Negocierea contractelor Politica de promovare Finan\u021barea unei afaceri Dezvoltarea produselor\/seviciilor afacerii Managementul personalului Eviden\u021ba contabil\u0103 Sistemul de eviden\u021ba financiar\u0103 Strategiile de dezvoltare \u0219i riscurile afacerii Logistica [&hellip;]","og_url":"https:\/\/info-jobs.ro\/?page_id=10008","og_site_name":"Info-Jobs.ro","article_modified_time":"2019-07-28T10:51:30+00:00","og_image":[{"url":"http:\/\/info-jobs.ro\/app\/wp-content\/uploads\/2018\/02\/curs_acreditat.jpg","type":"","width":"","height":""}],"twitter_card":"summary_large_image","twitter_misc":{"Timp estimat pentru citire":"3 minute"},"schema":{"@context":"https:\/\/schema.org","@graph":[{"@type":"WebPage","@id":"https:\/\/info-jobs.ro\/?page_id=10008","url":"https:\/\/info-jobs.ro\/?page_id=10008","name":"Cursuri competen\u021be antrepenoriale - Info-Jobs.ro","isPartOf":{"@id":"https:\/\/info-jobs.ro\/#website"},"primaryImageOfPage":{"@id":"https:\/\/info-jobs.ro\/?page_id=10008#primaryimage"},"image":{"@id":"https:\/\/info-jobs.ro\/?page_id=10008#primaryimage"},"thumbnailUrl":"http:\/\/info-jobs.ro\/app\/wp-content\/uploads\/2018\/02\/curs_acreditat.jpg","datePublished":"2018-10-01T12:30:29+00:00","dateModified":"2019-07-28T10:51:30+00:00","breadcrumb":{"@id":"https:\/\/info-jobs.ro\/?page_id=10008#breadcrumb"},"inLanguage":"ro-RO","potentialAction":[{"@type":"ReadAction","target":["https:\/\/info-jobs.ro\/?page_id=10008"]}]},{"@type":"ImageObject","inLanguage":"ro-RO","@id":"https:\/\/info-jobs.ro\/?page_id=10008#primaryimage","url":"http:\/\/info-jobs.ro\/app\/wp-content\/uploads\/2018\/02\/curs_acreditat.jpg","contentUrl":"http:\/\/info-jobs.ro\/app\/wp-content\/uploads\/2018\/02\/curs_acreditat.jpg"},{"@type":"BreadcrumbList","@id":"https:\/\/info-jobs.ro\/?page_id=10008#breadcrumb","itemListElement":[{"@type":"ListItem","position":1,"name":"Prima pagin\u0103","item":"https:\/\/info-jobs.ro\/"},{"@type":"ListItem","position":2,"name":"Cursuri competen\u021be antrepenoriale"}]},{"@type":"WebSite","@id":"https:\/\/info-jobs.ro\/#website","url":"https:\/\/info-jobs.ro\/","name":"Info-Jobs.ro","description":"Startup pentru Regiunea Sud-Est","potentialAction":[{"@type":"SearchAction","target":{"@type":"EntryPoint","urlTemplate":"https:\/\/info-jobs.ro\/?s={search_term_string}"},"query-input":{"@type":"PropertyValueSpecification","valueRequired":true,"valueName":"search_term_string"}}],"inLanguage":"ro-RO"}]}},"_links":{"self":[{"href":"https:\/\/info-jobs.ro\/index.php?rest_route=\/wp\/v2\/pages\/10008","targetHints":{"allow":["GET"]}}],"collection":[{"href":"https:\/\/info-jobs.ro\/index.php?rest_route=\/wp\/v2\/pages"}],"about":[{"href":"https:\/\/info-jobs.ro\/index.php?rest_route=\/wp\/v2\/types\/page"}],"author":[{"embeddable":true,"href":"https:\/\/info-jobs.ro\/index.php?rest_route=\/wp\/v2\/users\/2"}],"replies":[{"embeddable":true,"href":"https:\/\/info-jobs.ro\/index.php?rest_route=%2Fwp%2Fv2%2Fcomments&post=10008"}],"version-history":[{"count":16,"href":"https:\/\/info-jobs.ro\/index.php?rest_route=\/wp\/v2\/pages\/10008\/revisions"}],"predecessor-version":[{"id":10376,"href":"https:\/\/info-jobs.ro\/index.php?rest_route=\/wp\/v2\/pages\/10008\/revisions\/10376"}],"wp:attachment":[{"href":"https:\/\/info-jobs.ro\/index.php?rest_route=%2Fwp%2Fv2%2Fmedia&parent=10008"}],"curies":[{"name":"wp","href":"https:\/\/api.w.org\/{rel}","templated":true}]}}