{"id":25,"date":"2018-02-22T10:45:43","date_gmt":"2018-02-22T08:45:43","guid":{"rendered":"http:\/\/jobs.sorinchirita.ro\/app\/?page_id=25"},"modified":"2018-02-22T13:34:09","modified_gmt":"2018-02-22T11:34:09","slug":"obiectiv-general","status":"publish","type":"page","link":"https:\/\/info-jobs.ro\/?page_id=25","title":{"rendered":"Obiectivul General"},"content":{"rendered":"<hr \/>\n<p style=\"text-align: justify;\">Cre\u0219terea gradului de ocupare, facilitarea accesului pe pia\u021ba muncii \u0219i dezvoltarea spiritului antreprenorial pentru 620 persoane prin furnizarea unor m\u0103suri integrate de antreprenoriat, orientate pe cre\u0219terea mobilit\u0103\u021bii \u0219i a gradului de ocupare a persoanelor \u0219omere, inactive, inclusiv a \u00eenfiin\u021b\u0103rii \u0219i dezvolt\u0103rii unor activit\u0103\u021bi independente non-agricole \u00een scopul cre\u0103rii de noi locuri de munc\u0103 durabile \u00een zonele urbane din regiunea de implementare Sud-Est.<\/p>\n<hr \/>\n<p><img loading=\"lazy\" decoding=\"async\" class=\"aligncenter wp-image-10116 size-full\" title=\"Startup pentru Regiunea de Sud-Est\" src=\"http:\/\/info-jobs.ro\/app\/wp-content\/uploads\/2018\/02\/1.Poza_obiectivul-general.jpg\" alt=\"\" width=\"960\" height=\"640\" srcset=\"https:\/\/info-jobs.ro\/app\/wp-content\/uploads\/2018\/02\/1.Poza_obiectivul-general.jpg 960w, https:\/\/info-jobs.ro\/app\/wp-content\/uploads\/2018\/02\/1.Poza_obiectivul-general-300x200.jpg 300w, https:\/\/info-jobs.ro\/app\/wp-content\/uploads\/2018\/02\/1.Poza_obiectivul-general-768x512.jpg 768w, https:\/\/info-jobs.ro\/app\/wp-content\/uploads\/2018\/02\/1.Poza_obiectivul-general-624x416.jpg 624w\" sizes=\"auto, (max-width: 960px) 100vw, 960px\" \/><\/p>\n","protected":false},"excerpt":{"rendered":"<p>Cre\u0219terea gradului de ocupare, facilitarea accesului pe pia\u021ba muncii \u0219i dezvoltarea spiritului antreprenorial pentru 620 persoane prin furnizarea unor m\u0103suri integrate de antreprenoriat, orientate pe cre\u0219terea mobilit\u0103\u021bii \u0219i a gradului de ocupare a persoanelor \u0219omere, inactive, inclusiv a \u00eenfiin\u021b\u0103rii \u0219i dezvolt\u0103rii unor activit\u0103\u021bi independente non-agricole \u00een scopul cre\u0103rii de noi locuri de munc\u0103 durabile \u00een [&hellip;]<\/p>\n","protected":false},"author":2,"featured_media":0,"parent":27,"menu_order":0,"comment_status":"closed","ping_status":"closed","template":"","meta":{"footnotes":""},"class_list":["post-25","page","type-page","status-publish","hentry"],"yoast_head":"<!-- This site is optimized with the Yoast SEO plugin v26.9 - https:\/\/yoast.com\/product\/yoast-seo-wordpress\/ -->\n<title>Obiectivul General - Info-Jobs.ro<\/title>\n<meta name=\"robots\" content=\"index, follow, max-snippet:-1, max-image-preview:large, max-video-preview:-1\" \/>\n<link rel=\"canonical\" href=\"https:\/\/info-jobs.ro\/?page_id=25\" \/>\n<meta property=\"og:locale\" content=\"ro_RO\" \/>\n<meta property=\"og:type\" content=\"article\" \/>\n<meta property=\"og:title\" content=\"Obiectivul General - Info-Jobs.ro\" \/>\n<meta property=\"og:description\" content=\"Cre\u0219terea gradului de ocupare, facilitarea accesului pe pia\u021ba muncii \u0219i dezvoltarea spiritului antreprenorial pentru 620 persoane prin furnizarea unor m\u0103suri integrate de antreprenoriat, orientate pe cre\u0219terea mobilit\u0103\u021bii \u0219i a gradului de ocupare a persoanelor \u0219omere, inactive, inclusiv a \u00eenfiin\u021b\u0103rii \u0219i dezvolt\u0103rii unor activit\u0103\u021bi independente non-agricole \u00een scopul cre\u0103rii de noi locuri de munc\u0103 durabile \u00een [&hellip;]\" \/>\n<meta property=\"og:url\" content=\"https:\/\/info-jobs.ro\/?page_id=25\" \/>\n<meta property=\"og:site_name\" content=\"Info-Jobs.ro\" \/>\n<meta property=\"article:modified_time\" content=\"2018-02-22T11:34:09+00:00\" \/>\n<meta property=\"og:image\" content=\"http:\/\/info-jobs.ro\/app\/wp-content\/uploads\/2018\/02\/1.Poza_obiectivul-general.jpg\" \/>\n<meta name=\"twitter:card\" content=\"summary_large_image\" \/>\n<script type=\"application\/ld+json\" class=\"yoast-schema-graph\">{\"@context\":\"https:\/\/schema.org\",\"@graph\":[{\"@type\":\"WebPage\",\"@id\":\"https:\/\/info-jobs.ro\/?page_id=25\",\"url\":\"https:\/\/info-jobs.ro\/?page_id=25\",\"name\":\"Obiectivul General - Info-Jobs.ro\",\"isPartOf\":{\"@id\":\"https:\/\/info-jobs.ro\/#website\"},\"primaryImageOfPage\":{\"@id\":\"https:\/\/info-jobs.ro\/?page_id=25#primaryimage\"},\"image\":{\"@id\":\"https:\/\/info-jobs.ro\/?page_id=25#primaryimage\"},\"thumbnailUrl\":\"http:\/\/info-jobs.ro\/app\/wp-content\/uploads\/2018\/02\/1.Poza_obiectivul-general.jpg\",\"datePublished\":\"2018-02-22T08:45:43+00:00\",\"dateModified\":\"2018-02-22T11:34:09+00:00\",\"breadcrumb\":{\"@id\":\"https:\/\/info-jobs.ro\/?page_id=25#breadcrumb\"},\"inLanguage\":\"ro-RO\",\"potentialAction\":[{\"@type\":\"ReadAction\",\"target\":[\"https:\/\/info-jobs.ro\/?page_id=25\"]}]},{\"@type\":\"ImageObject\",\"inLanguage\":\"ro-RO\",\"@id\":\"https:\/\/info-jobs.ro\/?page_id=25#primaryimage\",\"url\":\"http:\/\/info-jobs.ro\/app\/wp-content\/uploads\/2018\/02\/1.Poza_obiectivul-general.jpg\",\"contentUrl\":\"http:\/\/info-jobs.ro\/app\/wp-content\/uploads\/2018\/02\/1.Poza_obiectivul-general.jpg\"},{\"@type\":\"BreadcrumbList\",\"@id\":\"https:\/\/info-jobs.ro\/?page_id=25#breadcrumb\",\"itemListElement\":[{\"@type\":\"ListItem\",\"position\":1,\"name\":\"Prima pagin\u0103\",\"item\":\"https:\/\/info-jobs.ro\/\"},{\"@type\":\"ListItem\",\"position\":2,\"name\":\"Prezentare Proiect\",\"item\":\"https:\/\/info-jobs.ro\/?page_id=27\"},{\"@type\":\"ListItem\",\"position\":3,\"name\":\"Obiectivul General\"}]},{\"@type\":\"WebSite\",\"@id\":\"https:\/\/info-jobs.ro\/#website\",\"url\":\"https:\/\/info-jobs.ro\/\",\"name\":\"Info-Jobs.ro\",\"description\":\"Startup pentru Regiunea Sud-Est\",\"potentialAction\":[{\"@type\":\"SearchAction\",\"target\":{\"@type\":\"EntryPoint\",\"urlTemplate\":\"https:\/\/info-jobs.ro\/?s={search_term_string}\"},\"query-input\":{\"@type\":\"PropertyValueSpecification\",\"valueRequired\":true,\"valueName\":\"search_term_string\"}}],\"inLanguage\":\"ro-RO\"}]}<\/script>\n<!-- \/ Yoast SEO plugin. -->","yoast_head_json":{"title":"Obiectivul General - Info-Jobs.ro","robots":{"index":"index","follow":"follow","max-snippet":"max-snippet:-1","max-image-preview":"max-image-preview:large","max-video-preview":"max-video-preview:-1"},"canonical":"https:\/\/info-jobs.ro\/?page_id=25","og_locale":"ro_RO","og_type":"article","og_title":"Obiectivul General - Info-Jobs.ro","og_description":"Cre\u0219terea gradului de ocupare, facilitarea accesului pe pia\u021ba muncii \u0219i dezvoltarea spiritului antreprenorial pentru 620 persoane prin furnizarea unor m\u0103suri integrate de antreprenoriat, orientate pe cre\u0219terea mobilit\u0103\u021bii \u0219i a gradului de ocupare a persoanelor \u0219omere, inactive, inclusiv a \u00eenfiin\u021b\u0103rii \u0219i dezvolt\u0103rii unor activit\u0103\u021bi independente non-agricole \u00een scopul cre\u0103rii de noi locuri de munc\u0103 durabile \u00een [&hellip;]","og_url":"https:\/\/info-jobs.ro\/?page_id=25","og_site_name":"Info-Jobs.ro","article_modified_time":"2018-02-22T11:34:09+00:00","og_image":[{"url":"http:\/\/info-jobs.ro\/app\/wp-content\/uploads\/2018\/02\/1.Poza_obiectivul-general.jpg","type":"","width":"","height":""}],"twitter_card":"summary_large_image","schema":{"@context":"https:\/\/schema.org","@graph":[{"@type":"WebPage","@id":"https:\/\/info-jobs.ro\/?page_id=25","url":"https:\/\/info-jobs.ro\/?page_id=25","name":"Obiectivul General - Info-Jobs.ro","isPartOf":{"@id":"https:\/\/info-jobs.ro\/#website"},"primaryImageOfPage":{"@id":"https:\/\/info-jobs.ro\/?page_id=25#primaryimage"},"image":{"@id":"https:\/\/info-jobs.ro\/?page_id=25#primaryimage"},"thumbnailUrl":"http:\/\/info-jobs.ro\/app\/wp-content\/uploads\/2018\/02\/1.Poza_obiectivul-general.jpg","datePublished":"2018-02-22T08:45:43+00:00","dateModified":"2018-02-22T11:34:09+00:00","breadcrumb":{"@id":"https:\/\/info-jobs.ro\/?page_id=25#breadcrumb"},"inLanguage":"ro-RO","potentialAction":[{"@type":"ReadAction","target":["https:\/\/info-jobs.ro\/?page_id=25"]}]},{"@type":"ImageObject","inLanguage":"ro-RO","@id":"https:\/\/info-jobs.ro\/?page_id=25#primaryimage","url":"http:\/\/info-jobs.ro\/app\/wp-content\/uploads\/2018\/02\/1.Poza_obiectivul-general.jpg","contentUrl":"http:\/\/info-jobs.ro\/app\/wp-content\/uploads\/2018\/02\/1.Poza_obiectivul-general.jpg"},{"@type":"BreadcrumbList","@id":"https:\/\/info-jobs.ro\/?page_id=25#breadcrumb","itemListElement":[{"@type":"ListItem","position":1,"name":"Prima pagin\u0103","item":"https:\/\/info-jobs.ro\/"},{"@type":"ListItem","position":2,"name":"Prezentare Proiect","item":"https:\/\/info-jobs.ro\/?page_id=27"},{"@type":"ListItem","position":3,"name":"Obiectivul General"}]},{"@type":"WebSite","@id":"https:\/\/info-jobs.ro\/#website","url":"https:\/\/info-jobs.ro\/","name":"Info-Jobs.ro","description":"Startup pentru Regiunea Sud-Est","potentialAction":[{"@type":"SearchAction","target":{"@type":"EntryPoint","urlTemplate":"https:\/\/info-jobs.ro\/?s={search_term_string}"},"query-input":{"@type":"PropertyValueSpecification","valueRequired":true,"valueName":"search_term_string"}}],"inLanguage":"ro-RO"}]}},"_links":{"self":[{"href":"https:\/\/info-jobs.ro\/index.php?rest_route=\/wp\/v2\/pages\/25","targetHints":{"allow":["GET"]}}],"collection":[{"href":"https:\/\/info-jobs.ro\/index.php?rest_route=\/wp\/v2\/pages"}],"about":[{"href":"https:\/\/info-jobs.ro\/index.php?rest_route=\/wp\/v2\/types\/page"}],"author":[{"embeddable":true,"href":"https:\/\/info-jobs.ro\/index.php?rest_route=\/wp\/v2\/users\/2"}],"replies":[{"embeddable":true,"href":"https:\/\/info-jobs.ro\/index.php?rest_route=%2Fwp%2Fv2%2Fcomments&post=25"}],"version-history":[{"count":6,"href":"https:\/\/info-jobs.ro\/index.php?rest_route=\/wp\/v2\/pages\/25\/revisions"}],"predecessor-version":[{"id":10117,"href":"https:\/\/info-jobs.ro\/index.php?rest_route=\/wp\/v2\/pages\/25\/revisions\/10117"}],"up":[{"embeddable":true,"href":"https:\/\/info-jobs.ro\/index.php?rest_route=\/wp\/v2\/pages\/27"}],"wp:attachment":[{"href":"https:\/\/info-jobs.ro\/index.php?rest_route=%2Fwp%2Fv2%2Fmedia&parent=25"}],"curies":[{"name":"wp","href":"https:\/\/api.w.org\/{rel}","templated":true}]}}