{"id":27,"date":"2018-02-23T10:46:14","date_gmt":"2018-02-23T08:46:14","guid":{"rendered":"http:\/\/jobs.sorinchirita.ro\/app\/?page_id=27"},"modified":"2018-02-23T13:01:44","modified_gmt":"2018-02-23T11:01:44","slug":"prezentare-proiect-startup-pentru-regiunea-sud-est-inscrieri-constanta-tulcea-galati-braila-vrancea-buzau","status":"publish","type":"page","link":"https:\/\/info-jobs.ro\/?page_id=27","title":{"rendered":"Prezentare Proiect"},"content":{"rendered":"<h3 style=\"text-align: justify;\"><strong>Proiect cofinan\u0163at din Fondul European Structural \u0219i de Investi\u021bii prin PROGRAMUL OPERA\u021aIONAL CAPITAL UMAN 2014-2020<\/strong><\/h3>\n<p style=\"text-align: justify;\"><strong>Num\u0103rul de identificare al contractului: POCU\/82\/3\/7\/105554<\/strong><\/p>\n<p style=\"text-align: justify;\"><strong>Durata proiectului: 36 luni (18.01.2018 \u2013 17.01.2021)<\/strong><\/p>\n<p style=\"text-align: justify;\">Proiectul este implementat de c\u0103tre <strong>Institutul pentru Dezvoltarea Resurselor Umane<\/strong> \u00een parteneriat cu Asocia\u021bia ESE &#8211; European Support for Education <strong>(Partener 1)<\/strong>, Asocia\u021bia Centrul de Resurse \u0219i Formare \u00een Profesiuni Sociale \u201ePro Voca\u021bie\u201d <strong>(Partener 2)<\/strong>, Asocia\u021bia \u201eClubul Sportiv Aqua 1969 Baia Mare\u201d <strong>(Partener 3)<\/strong>.<\/p>\n<p style=\"text-align: justify;\">Regiunea de implementare: <strong>Sud &#8211; Est<\/strong><\/p>\n<p style=\"text-align: justify;\">Jude\u021bele: <strong>Br\u0103ila, Buz\u0103u. Constan\u021ba, Gala\u021bi, Vrancea \u0219i Tulcea<\/strong><\/p>\n<p style=\"text-align: justify;\"><strong>Obiectivul general<\/strong><\/p>\n<p style=\"text-align: justify;\">Cre\u0219terea gradului de ocupare, facilitarea accesului pe pia\u021ba muncii \u0219i dezvoltarea spiritului antreprenorial pentru 620 persoane prin furnizarea unor m\u0103suri integrate de antreprenoriat, orientate pe cre\u0219terea mobilit\u0103\u021bii \u0219i a gradului de ocupare a persoanelor \u0219omere, inactive, inclusiv a \u00eenfiin\u021b\u0103rii \u0219i dezvolt\u0103rii unor activit\u0103\u021bi independente non-agricole \u00een scopul cre\u0103rii de noi locuri de munc\u0103 durabile \u00een zonele urbane din regiunea de implementare Sud-Est.<\/p>\n","protected":false},"excerpt":{"rendered":"<p>Proiect cofinan\u0163at din Fondul European Structural \u0219i de Investi\u021bii prin PROGRAMUL OPERA\u021aIONAL CAPITAL UMAN 2014-2020 Num\u0103rul de identificare al contractului: POCU\/82\/3\/7\/105554 Durata proiectului: 36 luni (18.01.2018 \u2013 17.01.2021) Proiectul este implementat de c\u0103tre Institutul pentru Dezvoltarea Resurselor Umane \u00een parteneriat cu Asocia\u021bia ESE &#8211; European Support for Education (Partener 1), Asocia\u021bia Centrul de Resurse \u0219i [&hellip;]<\/p>\n","protected":false},"author":2,"featured_media":0,"parent":0,"menu_order":0,"comment_status":"closed","ping_status":"closed","template":"","meta":{"footnotes":""},"class_list":["post-27","page","type-page","status-publish","hentry"],"yoast_head":"<!-- This site is optimized with the Yoast SEO plugin v26.9 - https:\/\/yoast.com\/product\/yoast-seo-wordpress\/ -->\n<title>Prezentare Proiect - Info-Jobs.ro<\/title>\n<meta name=\"robots\" content=\"index, follow, max-snippet:-1, max-image-preview:large, max-video-preview:-1\" \/>\n<link rel=\"canonical\" href=\"https:\/\/info-jobs.ro\/?page_id=27\" \/>\n<meta property=\"og:locale\" content=\"ro_RO\" \/>\n<meta property=\"og:type\" content=\"article\" \/>\n<meta property=\"og:title\" content=\"Prezentare Proiect - Info-Jobs.ro\" \/>\n<meta property=\"og:description\" content=\"Proiect cofinan\u0163at din Fondul European Structural \u0219i de Investi\u021bii prin PROGRAMUL OPERA\u021aIONAL CAPITAL UMAN 2014-2020 Num\u0103rul de identificare al contractului: POCU\/82\/3\/7\/105554 Durata proiectului: 36 luni (18.01.2018 \u2013 17.01.2021) Proiectul este implementat de c\u0103tre Institutul pentru Dezvoltarea Resurselor Umane \u00een parteneriat cu Asocia\u021bia ESE &#8211; European Support for Education (Partener 1), Asocia\u021bia Centrul de Resurse \u0219i [&hellip;]\" \/>\n<meta property=\"og:url\" content=\"https:\/\/info-jobs.ro\/?page_id=27\" \/>\n<meta property=\"og:site_name\" content=\"Info-Jobs.ro\" \/>\n<meta property=\"article:modified_time\" content=\"2018-02-23T11:01:44+00:00\" \/>\n<meta name=\"twitter:card\" content=\"summary_large_image\" \/>\n<meta name=\"twitter:label1\" content=\"Timp estimat pentru citire\" \/>\n\t<meta name=\"twitter:data1\" content=\"1 minut\" \/>\n<script type=\"application\/ld+json\" class=\"yoast-schema-graph\">{\"@context\":\"https:\/\/schema.org\",\"@graph\":[{\"@type\":\"WebPage\",\"@id\":\"https:\/\/info-jobs.ro\/?page_id=27\",\"url\":\"https:\/\/info-jobs.ro\/?page_id=27\",\"name\":\"Prezentare Proiect - Info-Jobs.ro\",\"isPartOf\":{\"@id\":\"https:\/\/info-jobs.ro\/#website\"},\"datePublished\":\"2018-02-23T08:46:14+00:00\",\"dateModified\":\"2018-02-23T11:01:44+00:00\",\"breadcrumb\":{\"@id\":\"https:\/\/info-jobs.ro\/?page_id=27#breadcrumb\"},\"inLanguage\":\"ro-RO\",\"potentialAction\":[{\"@type\":\"ReadAction\",\"target\":[\"https:\/\/info-jobs.ro\/?page_id=27\"]}]},{\"@type\":\"BreadcrumbList\",\"@id\":\"https:\/\/info-jobs.ro\/?page_id=27#breadcrumb\",\"itemListElement\":[{\"@type\":\"ListItem\",\"position\":1,\"name\":\"Prima pagin\u0103\",\"item\":\"https:\/\/info-jobs.ro\/\"},{\"@type\":\"ListItem\",\"position\":2,\"name\":\"Prezentare Proiect\"}]},{\"@type\":\"WebSite\",\"@id\":\"https:\/\/info-jobs.ro\/#website\",\"url\":\"https:\/\/info-jobs.ro\/\",\"name\":\"Info-Jobs.ro\",\"description\":\"Startup pentru Regiunea Sud-Est\",\"potentialAction\":[{\"@type\":\"SearchAction\",\"target\":{\"@type\":\"EntryPoint\",\"urlTemplate\":\"https:\/\/info-jobs.ro\/?s={search_term_string}\"},\"query-input\":{\"@type\":\"PropertyValueSpecification\",\"valueRequired\":true,\"valueName\":\"search_term_string\"}}],\"inLanguage\":\"ro-RO\"}]}<\/script>\n<!-- \/ Yoast SEO plugin. -->","yoast_head_json":{"title":"Prezentare Proiect - Info-Jobs.ro","robots":{"index":"index","follow":"follow","max-snippet":"max-snippet:-1","max-image-preview":"max-image-preview:large","max-video-preview":"max-video-preview:-1"},"canonical":"https:\/\/info-jobs.ro\/?page_id=27","og_locale":"ro_RO","og_type":"article","og_title":"Prezentare Proiect - Info-Jobs.ro","og_description":"Proiect cofinan\u0163at din Fondul European Structural \u0219i de Investi\u021bii prin PROGRAMUL OPERA\u021aIONAL CAPITAL UMAN 2014-2020 Num\u0103rul de identificare al contractului: POCU\/82\/3\/7\/105554 Durata proiectului: 36 luni (18.01.2018 \u2013 17.01.2021) Proiectul este implementat de c\u0103tre Institutul pentru Dezvoltarea Resurselor Umane \u00een parteneriat cu Asocia\u021bia ESE &#8211; European Support for Education (Partener 1), Asocia\u021bia Centrul de Resurse \u0219i [&hellip;]","og_url":"https:\/\/info-jobs.ro\/?page_id=27","og_site_name":"Info-Jobs.ro","article_modified_time":"2018-02-23T11:01:44+00:00","twitter_card":"summary_large_image","twitter_misc":{"Timp estimat pentru citire":"1 minut"},"schema":{"@context":"https:\/\/schema.org","@graph":[{"@type":"WebPage","@id":"https:\/\/info-jobs.ro\/?page_id=27","url":"https:\/\/info-jobs.ro\/?page_id=27","name":"Prezentare Proiect - Info-Jobs.ro","isPartOf":{"@id":"https:\/\/info-jobs.ro\/#website"},"datePublished":"2018-02-23T08:46:14+00:00","dateModified":"2018-02-23T11:01:44+00:00","breadcrumb":{"@id":"https:\/\/info-jobs.ro\/?page_id=27#breadcrumb"},"inLanguage":"ro-RO","potentialAction":[{"@type":"ReadAction","target":["https:\/\/info-jobs.ro\/?page_id=27"]}]},{"@type":"BreadcrumbList","@id":"https:\/\/info-jobs.ro\/?page_id=27#breadcrumb","itemListElement":[{"@type":"ListItem","position":1,"name":"Prima pagin\u0103","item":"https:\/\/info-jobs.ro\/"},{"@type":"ListItem","position":2,"name":"Prezentare Proiect"}]},{"@type":"WebSite","@id":"https:\/\/info-jobs.ro\/#website","url":"https:\/\/info-jobs.ro\/","name":"Info-Jobs.ro","description":"Startup pentru Regiunea Sud-Est","potentialAction":[{"@type":"SearchAction","target":{"@type":"EntryPoint","urlTemplate":"https:\/\/info-jobs.ro\/?s={search_term_string}"},"query-input":{"@type":"PropertyValueSpecification","valueRequired":true,"valueName":"search_term_string"}}],"inLanguage":"ro-RO"}]}},"_links":{"self":[{"href":"https:\/\/info-jobs.ro\/index.php?rest_route=\/wp\/v2\/pages\/27","targetHints":{"allow":["GET"]}}],"collection":[{"href":"https:\/\/info-jobs.ro\/index.php?rest_route=\/wp\/v2\/pages"}],"about":[{"href":"https:\/\/info-jobs.ro\/index.php?rest_route=\/wp\/v2\/types\/page"}],"author":[{"embeddable":true,"href":"https:\/\/info-jobs.ro\/index.php?rest_route=\/wp\/v2\/users\/2"}],"replies":[{"embeddable":true,"href":"https:\/\/info-jobs.ro\/index.php?rest_route=%2Fwp%2Fv2%2Fcomments&post=27"}],"version-history":[{"count":5,"href":"https:\/\/info-jobs.ro\/index.php?rest_route=\/wp\/v2\/pages\/27\/revisions"}],"predecessor-version":[{"id":10136,"href":"https:\/\/info-jobs.ro\/index.php?rest_route=\/wp\/v2\/pages\/27\/revisions\/10136"}],"wp:attachment":[{"href":"https:\/\/info-jobs.ro\/index.php?rest_route=%2Fwp%2Fv2%2Fmedia&parent=27"}],"curies":[{"name":"wp","href":"https:\/\/api.w.org\/{rel}","templated":true}]}}