{"id":50,"date":"2018-02-21T13:01:01","date_gmt":"2018-02-21T11:01:01","guid":{"rendered":"http:\/\/jobs.sorinchirita.ro\/app\/?page_id=50"},"modified":"2018-02-21T13:48:51","modified_gmt":"2018-02-21T11:48:51","slug":"prima-pagina","status":"publish","type":"page","link":"https:\/\/info-jobs.ro\/","title":{"rendered":"Prima pagina"},"content":{"rendered":"<h3 style=\"text-align: center;\"><strong>IMPLICAREA MEMBRILOR GRUPULUI \u021aINT\u0102 \u00ceN ACTIVIT\u0102\u021aILE PROIECTULUI<\/strong><\/h3>\n<p style=\"text-align: justify;\">Participarea la un program de formare antreprenorial\u0103 &#8211; <strong>\u2019\u2019Competen\u021be antreprenoriale\u201d<\/strong> &#8211; a tuturor celor 620 de persoane fizice care inten\u021bioneaz\u0103 s\u0103 \u00eenfiin\u021beze o afacere non-agricol\u0103, din Regiunea Sud Est, finalizat cu certificat de absolvire cu recunoa\u0219tere la nivel na\u021bional.<\/p>\n<p style=\"text-align: justify;\">Grupele de curs sunt structurate astfel:<\/p>\n<ul style=\"text-align: justify;\">\n<li>8 grupe \u00een jude\u021bul <strong>Constan\u021ba<\/strong><\/li>\n<li>3 grupe \u00een jude\u021bul <strong>Tulcea<\/strong><\/li>\n<li>8 grupe \u00een jude\u021bul <strong>Buz\u0103u<\/strong><\/li>\n<li>3 grupe \u00een jude\u021bul <strong>Br\u0103ila<\/strong><\/li>\n<li>8 grupe \u00een jude\u021bul <strong>Gala\u021bi<\/strong><\/li>\n<li>3 grupe \u00een jude\u021bul <strong>Vrancea<\/strong><\/li>\n<\/ul>\n<p style=\"text-align: justify;\">Fiecare participant la cursul de Competen\u021be Anteprenoriale va elabora un plan de afaceri si va participa la Concursul Planurilor de Afaceri prin care se vor selecta cele mai mai bune 75 de planuri de afaceri.<\/p>\n<p style=\"text-align: justify;\">Cele <strong>75 de persoane din Regiunea Sud Est<\/strong>, ale c\u0103ror planuri de afaceri au fost selectate \u00een vederea acord\u0103rii ajutorului de minimis pentru dezvoltarea unor activit\u0103\u021bi non-agricole \u00een mediul urban, vor urma stagii de practic\u0103 \u00een intreprinderi func\u021bionale cu activitate economic\u0103 relevant\u0103 din aceea\u0219i grup\u0103 CAEN \u0219i totodat\u0103, vor participa la t\u00e2rguri jude\u021bene de carier\u0103 la nivelul Regiunii Sud Est, \u00een vederea asigur\u0103rii accesului resurselor umane la oferta locurilor de munc\u0103.<\/p>\n<p><img loading=\"lazy\" decoding=\"async\" class=\"aligncenter wp-image-10089 size-full\" title=\"Startup pentru Regiunea Sud-Est\" src=\"http:\/\/info-jobs.ro\/app\/wp-content\/uploads\/2018\/02\/foto_1.jpg\" alt=\"\" width=\"1000\" height=\"717\" srcset=\"https:\/\/info-jobs.ro\/app\/wp-content\/uploads\/2018\/02\/foto_1.jpg 1000w, https:\/\/info-jobs.ro\/app\/wp-content\/uploads\/2018\/02\/foto_1-300x215.jpg 300w, https:\/\/info-jobs.ro\/app\/wp-content\/uploads\/2018\/02\/foto_1-768x551.jpg 768w, https:\/\/info-jobs.ro\/app\/wp-content\/uploads\/2018\/02\/foto_1-624x447.jpg 624w\" sizes=\"auto, (max-width: 1000px) 100vw, 1000px\" \/><\/p>\n","protected":false},"excerpt":{"rendered":"<p>IMPLICAREA MEMBRILOR GRUPULUI \u021aINT\u0102 \u00ceN ACTIVIT\u0102\u021aILE PROIECTULUI Participarea la un program de formare antreprenorial\u0103 &#8211; \u2019\u2019Competen\u021be antreprenoriale\u201d &#8211; a tuturor celor 620 de persoane fizice care inten\u021bioneaz\u0103 s\u0103 \u00eenfiin\u021beze o afacere non-agricol\u0103, din Regiunea Sud Est, finalizat cu certificat de absolvire cu recunoa\u0219tere la nivel na\u021bional. Grupele de curs sunt structurate astfel: 8 grupe \u00een [&hellip;]<\/p>\n","protected":false},"author":2,"featured_media":0,"parent":0,"menu_order":0,"comment_status":"closed","ping_status":"closed","template":"","meta":{"footnotes":""},"class_list":["post-50","page","type-page","status-publish","hentry"],"yoast_head":"<!-- This site is optimized with the Yoast SEO plugin v26.9 - https:\/\/yoast.com\/product\/yoast-seo-wordpress\/ -->\n<title>Startup Regiunea Sud Est, Competente Antreprenoriale, Cursuri pregatire<\/title>\n<meta name=\"description\" content=\"Afacere non-agricola, Planurie de Afaceri, Regiunea Sud-Est, Start-UP, Constanta, Tulcea, Braila, Buzau, Galati, Vrancea\" \/>\n<meta name=\"robots\" content=\"index, follow, max-snippet:-1, max-image-preview:large, max-video-preview:-1\" \/>\n<link rel=\"canonical\" href=\"https:\/\/info-jobs.ro\/\" \/>\n<meta property=\"og:locale\" content=\"ro_RO\" \/>\n<meta property=\"og:type\" content=\"article\" \/>\n<meta property=\"og:title\" content=\"Startup Regiunea Sud Est, Competente Antreprenoriale, Cursuri pregatire\" \/>\n<meta property=\"og:description\" content=\"Afacere non-agricola, Planurie de Afaceri, Regiunea Sud-Est, Start-UP, Constanta, Tulcea, Braila, Buzau, Galati, Vrancea\" \/>\n<meta property=\"og:url\" content=\"https:\/\/info-jobs.ro\/\" \/>\n<meta property=\"og:site_name\" content=\"Info-Jobs.ro\" \/>\n<meta property=\"article:modified_time\" content=\"2018-02-21T11:48:51+00:00\" \/>\n<meta property=\"og:image\" content=\"http:\/\/info-jobs.ro\/app\/wp-content\/uploads\/2018\/02\/foto_1.jpg\" \/>\n<meta name=\"twitter:card\" content=\"summary_large_image\" \/>\n<meta name=\"twitter:label1\" content=\"Timp estimat pentru citire\" \/>\n\t<meta name=\"twitter:data1\" content=\"1 minut\" \/>\n<script type=\"application\/ld+json\" class=\"yoast-schema-graph\">{\"@context\":\"https:\/\/schema.org\",\"@graph\":[{\"@type\":\"WebPage\",\"@id\":\"https:\/\/info-jobs.ro\/\",\"url\":\"https:\/\/info-jobs.ro\/\",\"name\":\"Startup Regiunea Sud Est, Competente Antreprenoriale, Cursuri pregatire\",\"isPartOf\":{\"@id\":\"https:\/\/info-jobs.ro\/#website\"},\"primaryImageOfPage\":{\"@id\":\"https:\/\/info-jobs.ro\/#primaryimage\"},\"image\":{\"@id\":\"https:\/\/info-jobs.ro\/#primaryimage\"},\"thumbnailUrl\":\"http:\/\/info-jobs.ro\/app\/wp-content\/uploads\/2018\/02\/foto_1.jpg\",\"datePublished\":\"2018-02-21T11:01:01+00:00\",\"dateModified\":\"2018-02-21T11:48:51+00:00\",\"description\":\"Afacere non-agricola, Planurie de Afaceri, Regiunea Sud-Est, Start-UP, Constanta, Tulcea, Braila, Buzau, Galati, Vrancea\",\"breadcrumb\":{\"@id\":\"https:\/\/info-jobs.ro\/#breadcrumb\"},\"inLanguage\":\"ro-RO\",\"potentialAction\":[{\"@type\":\"ReadAction\",\"target\":[\"https:\/\/info-jobs.ro\/\"]}]},{\"@type\":\"ImageObject\",\"inLanguage\":\"ro-RO\",\"@id\":\"https:\/\/info-jobs.ro\/#primaryimage\",\"url\":\"http:\/\/info-jobs.ro\/app\/wp-content\/uploads\/2018\/02\/foto_1.jpg\",\"contentUrl\":\"http:\/\/info-jobs.ro\/app\/wp-content\/uploads\/2018\/02\/foto_1.jpg\"},{\"@type\":\"BreadcrumbList\",\"@id\":\"https:\/\/info-jobs.ro\/#breadcrumb\",\"itemListElement\":[{\"@type\":\"ListItem\",\"position\":1,\"name\":\"Prima pagin\u0103\",\"item\":\"https:\/\/info-jobs.ro\/\"},{\"@type\":\"ListItem\",\"position\":2,\"name\":\"Prima pagina\"}]},{\"@type\":\"WebSite\",\"@id\":\"https:\/\/info-jobs.ro\/#website\",\"url\":\"https:\/\/info-jobs.ro\/\",\"name\":\"Info-Jobs.ro\",\"description\":\"Startup pentru Regiunea Sud-Est\",\"potentialAction\":[{\"@type\":\"SearchAction\",\"target\":{\"@type\":\"EntryPoint\",\"urlTemplate\":\"https:\/\/info-jobs.ro\/?s={search_term_string}\"},\"query-input\":{\"@type\":\"PropertyValueSpecification\",\"valueRequired\":true,\"valueName\":\"search_term_string\"}}],\"inLanguage\":\"ro-RO\"}]}<\/script>\n<!-- \/ Yoast SEO plugin. -->","yoast_head_json":{"title":"Startup Regiunea Sud Est, Competente Antreprenoriale, Cursuri pregatire","description":"Afacere non-agricola, Planurie de Afaceri, Regiunea Sud-Est, Start-UP, Constanta, Tulcea, Braila, Buzau, Galati, Vrancea","robots":{"index":"index","follow":"follow","max-snippet":"max-snippet:-1","max-image-preview":"max-image-preview:large","max-video-preview":"max-video-preview:-1"},"canonical":"https:\/\/info-jobs.ro\/","og_locale":"ro_RO","og_type":"article","og_title":"Startup Regiunea Sud Est, Competente Antreprenoriale, Cursuri pregatire","og_description":"Afacere non-agricola, Planurie de Afaceri, Regiunea Sud-Est, Start-UP, Constanta, Tulcea, Braila, Buzau, Galati, Vrancea","og_url":"https:\/\/info-jobs.ro\/","og_site_name":"Info-Jobs.ro","article_modified_time":"2018-02-21T11:48:51+00:00","og_image":[{"url":"http:\/\/info-jobs.ro\/app\/wp-content\/uploads\/2018\/02\/foto_1.jpg","type":"","width":"","height":""}],"twitter_card":"summary_large_image","twitter_misc":{"Timp estimat pentru citire":"1 minut"},"schema":{"@context":"https:\/\/schema.org","@graph":[{"@type":"WebPage","@id":"https:\/\/info-jobs.ro\/","url":"https:\/\/info-jobs.ro\/","name":"Startup Regiunea Sud Est, Competente Antreprenoriale, Cursuri pregatire","isPartOf":{"@id":"https:\/\/info-jobs.ro\/#website"},"primaryImageOfPage":{"@id":"https:\/\/info-jobs.ro\/#primaryimage"},"image":{"@id":"https:\/\/info-jobs.ro\/#primaryimage"},"thumbnailUrl":"http:\/\/info-jobs.ro\/app\/wp-content\/uploads\/2018\/02\/foto_1.jpg","datePublished":"2018-02-21T11:01:01+00:00","dateModified":"2018-02-21T11:48:51+00:00","description":"Afacere non-agricola, Planurie de Afaceri, Regiunea Sud-Est, Start-UP, Constanta, Tulcea, Braila, Buzau, Galati, Vrancea","breadcrumb":{"@id":"https:\/\/info-jobs.ro\/#breadcrumb"},"inLanguage":"ro-RO","potentialAction":[{"@type":"ReadAction","target":["https:\/\/info-jobs.ro\/"]}]},{"@type":"ImageObject","inLanguage":"ro-RO","@id":"https:\/\/info-jobs.ro\/#primaryimage","url":"http:\/\/info-jobs.ro\/app\/wp-content\/uploads\/2018\/02\/foto_1.jpg","contentUrl":"http:\/\/info-jobs.ro\/app\/wp-content\/uploads\/2018\/02\/foto_1.jpg"},{"@type":"BreadcrumbList","@id":"https:\/\/info-jobs.ro\/#breadcrumb","itemListElement":[{"@type":"ListItem","position":1,"name":"Prima pagin\u0103","item":"https:\/\/info-jobs.ro\/"},{"@type":"ListItem","position":2,"name":"Prima pagina"}]},{"@type":"WebSite","@id":"https:\/\/info-jobs.ro\/#website","url":"https:\/\/info-jobs.ro\/","name":"Info-Jobs.ro","description":"Startup pentru Regiunea Sud-Est","potentialAction":[{"@type":"SearchAction","target":{"@type":"EntryPoint","urlTemplate":"https:\/\/info-jobs.ro\/?s={search_term_string}"},"query-input":{"@type":"PropertyValueSpecification","valueRequired":true,"valueName":"search_term_string"}}],"inLanguage":"ro-RO"}]}},"_links":{"self":[{"href":"https:\/\/info-jobs.ro\/index.php?rest_route=\/wp\/v2\/pages\/50","targetHints":{"allow":["GET"]}}],"collection":[{"href":"https:\/\/info-jobs.ro\/index.php?rest_route=\/wp\/v2\/pages"}],"about":[{"href":"https:\/\/info-jobs.ro\/index.php?rest_route=\/wp\/v2\/types\/page"}],"author":[{"embeddable":true,"href":"https:\/\/info-jobs.ro\/index.php?rest_route=\/wp\/v2\/users\/2"}],"replies":[{"embeddable":true,"href":"https:\/\/info-jobs.ro\/index.php?rest_route=%2Fwp%2Fv2%2Fcomments&post=50"}],"version-history":[{"count":9,"href":"https:\/\/info-jobs.ro\/index.php?rest_route=\/wp\/v2\/pages\/50\/revisions"}],"predecessor-version":[{"id":10095,"href":"https:\/\/info-jobs.ro\/index.php?rest_route=\/wp\/v2\/pages\/50\/revisions\/10095"}],"wp:attachment":[{"href":"https:\/\/info-jobs.ro\/index.php?rest_route=%2Fwp%2Fv2%2Fmedia&parent=50"}],"curies":[{"name":"wp","href":"https:\/\/api.w.org\/{rel}","templated":true}]}}