{"id":9,"date":"2018-02-22T10:10:55","date_gmt":"2018-02-22T08:10:55","guid":{"rendered":"http:\/\/jobs.sorinchirita.ro\/app\/?page_id=9"},"modified":"2018-02-22T10:28:57","modified_gmt":"2018-02-22T08:28:57","slug":"despre-noi","status":"publish","type":"page","link":"https:\/\/info-jobs.ro\/?page_id=9","title":{"rendered":"Despre noi"},"content":{"rendered":"<h3 style=\"text-align: center;\"><a href=\"http:\/\/www.idru.ro\" target=\"_blank\" rel=\"noopener\"><img loading=\"lazy\" decoding=\"async\" class=\"aligncenter wp-image-10100 size-full\" title=\"Institutul pentru Dezvoltarea Resurselor Umane\" src=\"http:\/\/info-jobs.ro\/app\/wp-content\/uploads\/2018\/02\/logo-idru.png\" alt=\"\" width=\"585\" height=\"123\" srcset=\"https:\/\/info-jobs.ro\/app\/wp-content\/uploads\/2018\/02\/logo-idru.png 585w, https:\/\/info-jobs.ro\/app\/wp-content\/uploads\/2018\/02\/logo-idru-300x63.png 300w\" sizes=\"auto, (max-width: 585px) 100vw, 585px\" \/><\/a><strong>Institutul pentru Dezvoltarea Resurselor Umane<\/strong><\/h3>\n<p style=\"text-align: justify;\">Beneficiar al acestui proiect, este o institu\u0163ie de prestigiu \u015fi recunoscut\u0103 ce \u00ee\u015fi desf\u0103\u015foar\u0103 activitatea pe \u00eentreg teritoriul Rom\u00e2niei \u00een domeniul form\u0103rii profesionale a adul\u0163ilor, resurselor umane \u015fi dezvolt\u0103rii regionale.<\/p>\n<p style=\"text-align: justify;\">Implicarea IDRU \u00een via\u0163a organiza\u0163iilor publice \u015fi private din Rom\u00e2nia este confirmat\u0103 de speciali\u015ftii acestor organiza\u0163ii forma\u0163i de Institut \u00een anii de func\u0163ionare activ\u0103 \u00een domeniul form\u0103rii profesionale dar \u015fi de rezultatele programelor \u015fi proiectelor de interes public implementate.<\/p>\n<p style=\"text-align: justify;\">Institutul pentru Dezvoltarea Resurselor Umane s-a \u00eenfiintat ca persoan\u0103 juridic\u0103 anul 2000 \u015fi are ca scop dezvoltarea resurselor umane, cre\u015fterea competitivit\u0103\u0163ii pe pia\u0163a muncii, promovarea educa\u0163iei ini\u0163iale, formarea continu\u0103 a adul\u0163ilor, dezvoltarea regional\u0103 \u015fi promovarea principiilor economice \u015fi sociale europene.<\/p>\n<p style=\"text-align: justify;\">Solicitantul desf\u0103\u015foar\u0103 regulat activit\u0103\u0163i de mentorat, ce manifest\u0103 o preocupare permanent\u0103 pentru dezvoltarea poten\u0163ialului resurselor umane, \u00een scopul asigur\u0103rii unui nivel optim de pregatire a acestora, capabil s\u0103 le garanteze un acces facil pe pia\u0163a muncii.<\/p>\n<p style=\"text-align: center;\"><a href=\"http:\/\/www.idru.ro\/\" target=\"_blank\" rel=\"noopener\">www.idru.ro<\/a><\/p>\n<hr \/>\n<p><a href=\"https:\/\/asociatiaese.ro\/\"><img loading=\"lazy\" decoding=\"async\" class=\"aligncenter wp-image-10101 size-full\" title=\"Asocia\u021bia ESE - European Support for Education\" src=\"http:\/\/info-jobs.ro\/app\/wp-content\/uploads\/2018\/02\/logo-ese.png\" alt=\"\" width=\"340\" height=\"156\" srcset=\"https:\/\/info-jobs.ro\/app\/wp-content\/uploads\/2018\/02\/logo-ese.png 340w, https:\/\/info-jobs.ro\/app\/wp-content\/uploads\/2018\/02\/logo-ese-300x138.png 300w\" sizes=\"auto, (max-width: 340px) 100vw, 340px\" \/><\/a><\/p>\n<h3 style=\"text-align: center;\"><strong>Asociatia ESE &#8211; European Support for Education<\/strong><\/h3>\n<p style=\"text-align: justify;\">\u00cencep\u00e2nd cu anul 2014, ESE asigur\u0103 cadrul pentru dezvoltarea \u0219i implementarea de m\u0103suri\/ac\u021biuni ce vizeaz\u0103 cre\u0219terea calit\u0103\u021bii educa\u021biei \u0219i dezvoltare de afaceri\/antreprenoriat. \u00cen utimii 2 ani a dezvoltat preponderent ac\u021biuni specifice \u00een cadrul unui parteneriat activ: informare\/con\u0219tientizare privind accesul \u0219i participarea la educa\u021bie; consilierea \u0219i orientarea educa\u021bional\u0103 a elevilor care se confrunt\u0103 cu un grad ridicat de absenteism, prevenirea abandonului \u0219colar; consilierea parental\u0103, rela\u021bionare \u0219i educa\u021bie elev-p\u0103rinte; dezvoltarea educa\u021bional\u0103, stimularea comportamentului creativ \u00een diferite domenii; consilierea profesional\u0103 a elevilor din anii terminali, promovarea nediscrimin\u0103rii, egalit\u0103\u021bii de \u0219anse, multiculturalismului \u00een procesul educativ, metode instructiv-educative de maximizare a poten\u021bialului intelectual; protec\u021bia mediului, biodiversitatea \u0219i altele.<\/p>\n<p style=\"text-align: center;\"><a href=\"https:\/\/www.asociatiaese.ro\" target=\"_blank\" rel=\"noopener\">www.asociatiaese.ro<\/a><\/p>\n<hr \/>\n<p><a href=\"http:\/\/www.provocatie.ro\/\"><img loading=\"lazy\" decoding=\"async\" class=\"aligncenter wp-image-10102 \" title=\"Provoca\u021bie - Centrul de Resurse \u0219i formare \u00een profesiuni sociale\" src=\"http:\/\/info-jobs.ro\/app\/wp-content\/uploads\/2018\/02\/logo-provocatie.jpg\" alt=\"\" width=\"293\" height=\"201\" srcset=\"https:\/\/info-jobs.ro\/app\/wp-content\/uploads\/2018\/02\/logo-provocatie.jpg 400w, https:\/\/info-jobs.ro\/app\/wp-content\/uploads\/2018\/02\/logo-provocatie-300x206.jpg 300w\" sizes=\"auto, (max-width: 293px) 100vw, 293px\" \/><\/a><\/p>\n<h3 style=\"text-align: center;\"><strong>Asociatia Centrul de Resurse si Formare in Profesiuni Sociale \u201ePro Vocatie\u201d<\/strong><\/h3>\n<p style=\"text-align: justify;\">Organiza\u0163ie nonguvernamental\u0103 \u00eenfiin\u0163at\u0103 \u00een 2001, dedicat\u0103 form\u0103rii \u015fi evalu\u0103rii profesionale. PRO VOCA\u0162IE a creat \u00een Rom\u00e2nia primul Centru de Evaluare a Competen\u0163elor pentru ocupa\u0163ii din domeniul social.<\/p>\n<p style=\"text-align: justify;\">Pornim de la premisa c\u0103 to\u0163i oamenii au acces la educa\u0163ie, formare, calificare \u015fi certificarea competen\u0163elor, pe tot parcurusul vie\u0163ii \u015fi f\u0103r\u0103 discriminare.<\/p>\n<p style=\"text-align: justify;\">Misiunea noastr\u0103 este s\u0103 facilitam dob\u00e2ndirea competen\u0163elor profesionale cursan\u021bilor no\u015ftri printr-un\u00a0 proces de formare \u015fi evaluare profesional\u0103 de calitate.<\/p>\n<p style=\"text-align: center;\"><a href=\"http:\/\/www.provocatie.ro\" target=\"_blank\" rel=\"noopener\">www.provocatie.ro<\/a><\/p>\n<hr \/>\n<p><a href=\"http:\/\/www.aqua-swim.ro\/\"><img loading=\"lazy\" decoding=\"async\" class=\"aligncenter wp-image-10103 size-full\" title=\"Asociatia Clubul Sportiv Aqua 1969 Baia Mare\" src=\"http:\/\/info-jobs.ro\/app\/wp-content\/uploads\/2018\/02\/logo-aquaswim.png\" alt=\"\" width=\"272\" height=\"103\" \/><\/a><\/p>\n<h3 style=\"text-align: center;\"><strong>Asociatia \u201eClubul Sportiv Aqua 1969 Baia Mare<\/strong>\u201d<\/h3>\n<p style=\"text-align: justify;\">Asocia\u021bia se implic\u0103 \u00een permanen\u021b\u0103 \u00een derularea de programe na\u021bionale de ac\u021biune social\u0103 \u00een scopul con\u0219tientiz\u0103rii \u0219i valorific\u0103rii valen\u021belor educa\u021bionale \u00een vederea integr\u0103rii sociale a grupurilor defavorizate.<\/p>\n<p style=\"text-align: center;\"><span class=\"contact-info\"><a href=\"http:\/\/www.aqua-swim.ro\" target=\"_blank\" rel=\"nofollow noopener\">www.aqua-swim.ro<\/a><\/span><\/p>\n","protected":false},"excerpt":{"rendered":"<p>Institutul pentru Dezvoltarea Resurselor Umane Beneficiar al acestui proiect, este o institu\u0163ie de prestigiu \u015fi recunoscut\u0103 ce \u00ee\u015fi desf\u0103\u015foar\u0103 activitatea pe \u00eentreg teritoriul Rom\u00e2niei \u00een domeniul form\u0103rii profesionale a adul\u0163ilor, resurselor umane \u015fi dezvolt\u0103rii regionale. Implicarea IDRU \u00een via\u0163a organiza\u0163iilor publice \u015fi private din Rom\u00e2nia este confirmat\u0103 de speciali\u015ftii acestor organiza\u0163ii forma\u0163i de Institut \u00een [&hellip;]<\/p>\n","protected":false},"author":2,"featured_media":0,"parent":0,"menu_order":0,"comment_status":"closed","ping_status":"closed","template":"","meta":{"footnotes":""},"class_list":["post-9","page","type-page","status-publish","hentry"],"yoast_head":"<!-- This site is optimized with the Yoast SEO plugin v26.9 - https:\/\/yoast.com\/product\/yoast-seo-wordpress\/ -->\n<title>Despre noi - Info-Jobs.ro<\/title>\n<meta name=\"robots\" content=\"index, follow, max-snippet:-1, max-image-preview:large, max-video-preview:-1\" \/>\n<link rel=\"canonical\" href=\"https:\/\/info-jobs.ro\/?page_id=9\" \/>\n<meta property=\"og:locale\" content=\"ro_RO\" \/>\n<meta property=\"og:type\" content=\"article\" \/>\n<meta property=\"og:title\" content=\"Despre noi - Info-Jobs.ro\" \/>\n<meta property=\"og:description\" content=\"Institutul pentru Dezvoltarea Resurselor Umane Beneficiar al acestui proiect, este o institu\u0163ie de prestigiu \u015fi recunoscut\u0103 ce \u00ee\u015fi desf\u0103\u015foar\u0103 activitatea pe \u00eentreg teritoriul Rom\u00e2niei \u00een domeniul form\u0103rii profesionale a adul\u0163ilor, resurselor umane \u015fi dezvolt\u0103rii regionale. Implicarea IDRU \u00een via\u0163a organiza\u0163iilor publice \u015fi private din Rom\u00e2nia este confirmat\u0103 de speciali\u015ftii acestor organiza\u0163ii forma\u0163i de Institut \u00een [&hellip;]\" \/>\n<meta property=\"og:url\" content=\"https:\/\/info-jobs.ro\/?page_id=9\" \/>\n<meta property=\"og:site_name\" content=\"Info-Jobs.ro\" \/>\n<meta property=\"article:modified_time\" content=\"2018-02-22T08:28:57+00:00\" \/>\n<meta property=\"og:image\" content=\"http:\/\/info-jobs.ro\/app\/wp-content\/uploads\/2018\/02\/logo-idru.png\" \/>\n<meta name=\"twitter:card\" content=\"summary_large_image\" \/>\n<meta name=\"twitter:label1\" content=\"Timp estimat pentru citire\" \/>\n\t<meta name=\"twitter:data1\" content=\"2 minute\" \/>\n<script type=\"application\/ld+json\" class=\"yoast-schema-graph\">{\"@context\":\"https:\/\/schema.org\",\"@graph\":[{\"@type\":\"WebPage\",\"@id\":\"https:\/\/info-jobs.ro\/?page_id=9\",\"url\":\"https:\/\/info-jobs.ro\/?page_id=9\",\"name\":\"Despre noi - Info-Jobs.ro\",\"isPartOf\":{\"@id\":\"https:\/\/info-jobs.ro\/#website\"},\"primaryImageOfPage\":{\"@id\":\"https:\/\/info-jobs.ro\/?page_id=9#primaryimage\"},\"image\":{\"@id\":\"https:\/\/info-jobs.ro\/?page_id=9#primaryimage\"},\"thumbnailUrl\":\"http:\/\/info-jobs.ro\/app\/wp-content\/uploads\/2018\/02\/logo-idru.png\",\"datePublished\":\"2018-02-22T08:10:55+00:00\",\"dateModified\":\"2018-02-22T08:28:57+00:00\",\"breadcrumb\":{\"@id\":\"https:\/\/info-jobs.ro\/?page_id=9#breadcrumb\"},\"inLanguage\":\"ro-RO\",\"potentialAction\":[{\"@type\":\"ReadAction\",\"target\":[\"https:\/\/info-jobs.ro\/?page_id=9\"]}]},{\"@type\":\"ImageObject\",\"inLanguage\":\"ro-RO\",\"@id\":\"https:\/\/info-jobs.ro\/?page_id=9#primaryimage\",\"url\":\"http:\/\/info-jobs.ro\/app\/wp-content\/uploads\/2018\/02\/logo-idru.png\",\"contentUrl\":\"http:\/\/info-jobs.ro\/app\/wp-content\/uploads\/2018\/02\/logo-idru.png\"},{\"@type\":\"BreadcrumbList\",\"@id\":\"https:\/\/info-jobs.ro\/?page_id=9#breadcrumb\",\"itemListElement\":[{\"@type\":\"ListItem\",\"position\":1,\"name\":\"Prima pagin\u0103\",\"item\":\"https:\/\/info-jobs.ro\/\"},{\"@type\":\"ListItem\",\"position\":2,\"name\":\"Despre noi\"}]},{\"@type\":\"WebSite\",\"@id\":\"https:\/\/info-jobs.ro\/#website\",\"url\":\"https:\/\/info-jobs.ro\/\",\"name\":\"Info-Jobs.ro\",\"description\":\"Startup pentru Regiunea Sud-Est\",\"potentialAction\":[{\"@type\":\"SearchAction\",\"target\":{\"@type\":\"EntryPoint\",\"urlTemplate\":\"https:\/\/info-jobs.ro\/?s={search_term_string}\"},\"query-input\":{\"@type\":\"PropertyValueSpecification\",\"valueRequired\":true,\"valueName\":\"search_term_string\"}}],\"inLanguage\":\"ro-RO\"}]}<\/script>\n<!-- \/ Yoast SEO plugin. -->","yoast_head_json":{"title":"Despre noi - Info-Jobs.ro","robots":{"index":"index","follow":"follow","max-snippet":"max-snippet:-1","max-image-preview":"max-image-preview:large","max-video-preview":"max-video-preview:-1"},"canonical":"https:\/\/info-jobs.ro\/?page_id=9","og_locale":"ro_RO","og_type":"article","og_title":"Despre noi - Info-Jobs.ro","og_description":"Institutul pentru Dezvoltarea Resurselor Umane Beneficiar al acestui proiect, este o institu\u0163ie de prestigiu \u015fi recunoscut\u0103 ce \u00ee\u015fi desf\u0103\u015foar\u0103 activitatea pe \u00eentreg teritoriul Rom\u00e2niei \u00een domeniul form\u0103rii profesionale a adul\u0163ilor, resurselor umane \u015fi dezvolt\u0103rii regionale. Implicarea IDRU \u00een via\u0163a organiza\u0163iilor publice \u015fi private din Rom\u00e2nia este confirmat\u0103 de speciali\u015ftii acestor organiza\u0163ii forma\u0163i de Institut \u00een [&hellip;]","og_url":"https:\/\/info-jobs.ro\/?page_id=9","og_site_name":"Info-Jobs.ro","article_modified_time":"2018-02-22T08:28:57+00:00","og_image":[{"url":"http:\/\/info-jobs.ro\/app\/wp-content\/uploads\/2018\/02\/logo-idru.png","type":"","width":"","height":""}],"twitter_card":"summary_large_image","twitter_misc":{"Timp estimat pentru citire":"2 minute"},"schema":{"@context":"https:\/\/schema.org","@graph":[{"@type":"WebPage","@id":"https:\/\/info-jobs.ro\/?page_id=9","url":"https:\/\/info-jobs.ro\/?page_id=9","name":"Despre noi - Info-Jobs.ro","isPartOf":{"@id":"https:\/\/info-jobs.ro\/#website"},"primaryImageOfPage":{"@id":"https:\/\/info-jobs.ro\/?page_id=9#primaryimage"},"image":{"@id":"https:\/\/info-jobs.ro\/?page_id=9#primaryimage"},"thumbnailUrl":"http:\/\/info-jobs.ro\/app\/wp-content\/uploads\/2018\/02\/logo-idru.png","datePublished":"2018-02-22T08:10:55+00:00","dateModified":"2018-02-22T08:28:57+00:00","breadcrumb":{"@id":"https:\/\/info-jobs.ro\/?page_id=9#breadcrumb"},"inLanguage":"ro-RO","potentialAction":[{"@type":"ReadAction","target":["https:\/\/info-jobs.ro\/?page_id=9"]}]},{"@type":"ImageObject","inLanguage":"ro-RO","@id":"https:\/\/info-jobs.ro\/?page_id=9#primaryimage","url":"http:\/\/info-jobs.ro\/app\/wp-content\/uploads\/2018\/02\/logo-idru.png","contentUrl":"http:\/\/info-jobs.ro\/app\/wp-content\/uploads\/2018\/02\/logo-idru.png"},{"@type":"BreadcrumbList","@id":"https:\/\/info-jobs.ro\/?page_id=9#breadcrumb","itemListElement":[{"@type":"ListItem","position":1,"name":"Prima pagin\u0103","item":"https:\/\/info-jobs.ro\/"},{"@type":"ListItem","position":2,"name":"Despre noi"}]},{"@type":"WebSite","@id":"https:\/\/info-jobs.ro\/#website","url":"https:\/\/info-jobs.ro\/","name":"Info-Jobs.ro","description":"Startup pentru Regiunea Sud-Est","potentialAction":[{"@type":"SearchAction","target":{"@type":"EntryPoint","urlTemplate":"https:\/\/info-jobs.ro\/?s={search_term_string}"},"query-input":{"@type":"PropertyValueSpecification","valueRequired":true,"valueName":"search_term_string"}}],"inLanguage":"ro-RO"}]}},"_links":{"self":[{"href":"https:\/\/info-jobs.ro\/index.php?rest_route=\/wp\/v2\/pages\/9","targetHints":{"allow":["GET"]}}],"collection":[{"href":"https:\/\/info-jobs.ro\/index.php?rest_route=\/wp\/v2\/pages"}],"about":[{"href":"https:\/\/info-jobs.ro\/index.php?rest_route=\/wp\/v2\/types\/page"}],"author":[{"embeddable":true,"href":"https:\/\/info-jobs.ro\/index.php?rest_route=\/wp\/v2\/users\/2"}],"replies":[{"embeddable":true,"href":"https:\/\/info-jobs.ro\/index.php?rest_route=%2Fwp%2Fv2%2Fcomments&post=9"}],"version-history":[{"count":10,"href":"https:\/\/info-jobs.ro\/index.php?rest_route=\/wp\/v2\/pages\/9\/revisions"}],"predecessor-version":[{"id":10105,"href":"https:\/\/info-jobs.ro\/index.php?rest_route=\/wp\/v2\/pages\/9\/revisions\/10105"}],"wp:attachment":[{"href":"https:\/\/info-jobs.ro\/index.php?rest_route=%2Fwp%2Fv2%2Fmedia&parent=9"}],"curies":[{"name":"wp","href":"https:\/\/api.w.org\/{rel}","templated":true}]}}